{"id":16,"date":"2016-06-07T11:01:58","date_gmt":"2016-06-07T09:01:58","guid":{"rendered":"http:\/\/www.atf.at\/atf\/?page_id=16"},"modified":"2016-10-06T09:21:32","modified_gmt":"2016-10-06T07:21:32","slug":"forstbetrieb-rappottenstein","status":"publish","type":"page","link":"https:\/\/www.atf.at\/atf\/forstbetrieb-rappottenstein\/","title":{"rendered":"Forstbetrieb Rappottenstein"},"content":{"rendered":"<p><strong>Der Forstbetrieb Rappottenstein bietet folgende Holzarten in allen \u00fcblichen Sortimenten und Parit\u00e4ten an:<\/strong><\/p>\n<ul>\n<li>Fichte<\/li>\n<li>Tanne<\/li>\n<li>Douglasie<\/li>\n<li>Wei\u00dfkiefer<\/li>\n<li>Rotbuche<\/li>\n<li>Bergahorn<\/li>\n<\/ul>\n<p>Unsere Sortimente sind S\u00e4gerundholz, Industrieholz und Energieholz.<\/p>\n<p>S\u00e4mtliche Holzprodukte stammen aus unserer naturnahen und nachhaltigen Waldwirtschaft, sind PEFC zertifiziert und k\u00f6nnen mondphasengeschl\u00e4gert bereitgestellt werden.<\/p>\n<p><strong>Anfragen richten Sie bitte an:<\/strong><br \/>\nTraun&#8217;sche Forstverwaltung Rappottenstein<br \/>\nA-3911 Burg Rappottenstein 85<br \/>\n(T) +43 (0) 2828\/8250<br \/>\n(E) <a href=\"mailto:office@atf.at\">office@atf.at<\/a><br \/>\n(I) <a href=\"http:\/\/www.atf.at\">www.atf.at<\/a><\/p>\n","protected":false},"excerpt":{"rendered":"<p>Der Forstbetrieb Rappottenstein bietet folgende Holzarten in allen \u00fcblichen Sortimenten und Parit\u00e4ten an: Fichte Tanne Douglasie Wei\u00dfkiefer Rotbuche Bergahorn Unsere Sortimente sind S\u00e4gerundholz, Industrieholz und Energieholz. S\u00e4mtliche Holzprodukte stammen aus unserer naturnahen und nachhaltigen Waldwirtschaft, sind PEFC zertifiziert und k\u00f6nnen mondphasengeschl\u00e4gert bereitgestellt werden. Anfragen richten Sie bitte an: Traun&#8217;sche Forstverwaltung Rappottenstein A-3911 Burg Rappottenstein 85&hellip;<\/p>\n","protected":false},"author":1,"featured_media":0,"parent":0,"menu_order":0,"comment_status":"closed","ping_status":"closed","template":"","meta":{"footnotes":""},"class_list":["post-16","page","type-page","status-publish","hentry"],"_links":{"self":[{"href":"https:\/\/www.atf.at\/atf\/wp-json\/wp\/v2\/pages\/16","targetHints":{"allow":["GET"]}}],"collection":[{"href":"https:\/\/www.atf.at\/atf\/wp-json\/wp\/v2\/pages"}],"about":[{"href":"https:\/\/www.atf.at\/atf\/wp-json\/wp\/v2\/types\/page"}],"author":[{"embeddable":true,"href":"https:\/\/www.atf.at\/atf\/wp-json\/wp\/v2\/users\/1"}],"replies":[{"embeddable":true,"href":"https:\/\/www.atf.at\/atf\/wp-json\/wp\/v2\/comments?post=16"}],"version-history":[{"count":7,"href":"https:\/\/www.atf.at\/atf\/wp-json\/wp\/v2\/pages\/16\/revisions"}],"predecessor-version":[{"id":218,"href":"https:\/\/www.atf.at\/atf\/wp-json\/wp\/v2\/pages\/16\/revisions\/218"}],"wp:attachment":[{"href":"https:\/\/www.atf.at\/atf\/wp-json\/wp\/v2\/media?parent=16"}],"curies":[{"name":"wp","href":"https:\/\/api.w.org\/{rel}","templated":true}]}}