{"id":18,"date":"2016-06-07T11:02:13","date_gmt":"2016-06-07T09:02:13","guid":{"rendered":"http:\/\/www.atf.at\/atf\/?page_id=18"},"modified":"2016-12-19T08:37:27","modified_gmt":"2016-12-19T07:37:27","slug":"forstbetrieb-wolkersdorf","status":"publish","type":"page","link":"https:\/\/www.atf.at\/atf\/forstbetrieb-wolkersdorf\/","title":{"rendered":"Forstbetrieb Wolkersdorf"},"content":{"rendered":"<p><strong>Die Weinviertler Kupfereiche<br \/>\n<\/strong><em>einzigartig, heimisch, edel<br \/>\n<\/em>Im sanften, fruchtbaren H\u00fcgelland des Weinviertels wachsen Eichen von gediegener Eigenheit und einzigartiger Qualit\u00e4t. Die Weinviertler Kupfereiche. Die besondere Natur der B\u00f6den, die es nur in dieser Landschaft gibt, verleiht ihrem Holz jenen kostbaren und behaglichen Schimmer, der sie mit dem Pr\u00e4dikat &#8222;Weinviertler Kupfereiche&#8220; auszeichnet.<\/p>\n<p><strong>Der Forstbetrieb Wolkersdorf bietet folgende Holzarten in allen \u00fcblichen Sortimenten und Parit\u00e4ten an:<\/strong><\/p>\n<ul>\n<li>Eiche<\/li>\n<li>Kupfereiche<\/li>\n<li>Zerreiche<\/li>\n<li>Esche<\/li>\n<li>Wei\u00dfbuche<\/li>\n<li>Kirsche<\/li>\n<li>Elsbeere<\/li>\n<li>Wei\u00dfkiefer<\/li>\n<li>Schwarzkiefer<\/li>\n<li>L\u00e4rche<\/li>\n<li>Speierling<\/li>\n<li>Feldahorn<\/li>\n<\/ul>\n<p>Unsere Sortimente sind Furnier, Tischlerware, Fassbinderholz, S\u00e4gerundholz, Industrieholz und Energieholz.<\/p>\n<p>S\u00e4mtliche Holzprodukte stammen aus unserer naturnahen und nachhaltigen Waldwirtschaft, sind PEFC zertifiziert und k\u00f6nnen mondphasengeschl\u00e4gert bereitgestellt werden.<\/p>\n<p><strong>Anfragen richten Sie bitte an:<\/strong><br \/>\nTraun&#8217;sche Forstverwaltung Wolkersdorf<br \/>\nA-2120 Wolkersdorf, Rudolfgasse 1<br \/>\n(T)+43 (0) 2245\/2206-0<br \/>\n(E)\u00a0 <a href=\"mailto:wolkersdorf@atf.at\">wolkersdorf@atf.at<\/a><br \/>\n(I) <a href=\"http:\/\/www.atf.at\">www.atf.at<\/a><\/p>\n","protected":false},"excerpt":{"rendered":"<p>Die Weinviertler Kupfereiche einzigartig, heimisch, edel Im sanften, fruchtbaren H\u00fcgelland des Weinviertels wachsen Eichen von gediegener Eigenheit und einzigartiger Qualit\u00e4t. Die Weinviertler Kupfereiche. Die besondere Natur der B\u00f6den, die es nur in dieser Landschaft gibt, verleiht ihrem Holz jenen kostbaren und behaglichen Schimmer, der sie mit dem Pr\u00e4dikat &#8222;Weinviertler Kupfereiche&#8220; auszeichnet. Der Forstbetrieb Wolkersdorf bietet&hellip;<\/p>\n","protected":false},"author":1,"featured_media":0,"parent":0,"menu_order":0,"comment_status":"closed","ping_status":"closed","template":"","meta":{"footnotes":""},"class_list":["post-18","page","type-page","status-publish","hentry"],"_links":{"self":[{"href":"https:\/\/www.atf.at\/atf\/wp-json\/wp\/v2\/pages\/18","targetHints":{"allow":["GET"]}}],"collection":[{"href":"https:\/\/www.atf.at\/atf\/wp-json\/wp\/v2\/pages"}],"about":[{"href":"https:\/\/www.atf.at\/atf\/wp-json\/wp\/v2\/types\/page"}],"author":[{"embeddable":true,"href":"https:\/\/www.atf.at\/atf\/wp-json\/wp\/v2\/users\/1"}],"replies":[{"embeddable":true,"href":"https:\/\/www.atf.at\/atf\/wp-json\/wp\/v2\/comments?post=18"}],"version-history":[{"count":14,"href":"https:\/\/www.atf.at\/atf\/wp-json\/wp\/v2\/pages\/18\/revisions"}],"predecessor-version":[{"id":253,"href":"https:\/\/www.atf.at\/atf\/wp-json\/wp\/v2\/pages\/18\/revisions\/253"}],"wp:attachment":[{"href":"https:\/\/www.atf.at\/atf\/wp-json\/wp\/v2\/media?parent=18"}],"curies":[{"name":"wp","href":"https:\/\/api.w.org\/{rel}","templated":true}]}}