{"id":24,"date":"2016-06-07T11:09:03","date_gmt":"2016-06-07T09:09:03","guid":{"rendered":"http:\/\/www.atf.at\/atf\/?page_id=24"},"modified":"2024-09-25T07:31:39","modified_gmt":"2024-09-25T05:31:39","slug":"kontakt","status":"publish","type":"page","link":"https:\/\/www.atf.at\/atf\/forstbetrieb-rappottenstein\/kontakt\/","title":{"rendered":"Kontakt"},"content":{"rendered":"<p><strong>Traun&#8217;sche Forstverwaltung Rappottenstein<\/strong><br \/>\nA-3911 Burg Rappottenstein 85<br \/>\nTel.: +43 (0) 2828\/8250<br \/>\nE-Mail:\u00a0<a href=\"mailto:office@atf.at\">office@atf.at<\/a><br \/>\n<a href=\"http:\/\/www.atf.at\">www.atf.at<\/a><\/p>\n<h4>Ansprechpartner<strong>:<\/strong><\/h4>\n<p><strong>Benedikt Abensperg und Traun, Mag. iur.<\/strong><br \/>\nEigent\u00fcmer, Gesch\u00e4ftsf\u00fchrer Wolkersdorf und Rappottenstein<br \/>\n(E)\u00a0<a href=\"mailto:office@atf.at\">office@atf.at<\/a><br \/>\n(T) 02289\/2383-13<\/p>\n<p><strong>Herbert Kolm<\/strong><br \/>\nOberf\u00f6rster, Forstverwaltung Rappottenstein<br \/>\n(E)\u00a0<a href=\"mailto:kolm@atf.at\">kolm@atf.at<\/a><br \/>\n(M) 0664 135 28 94<\/p>\n<p><strong>David Hinterndorfer<\/strong><br \/>\nF\u00f6rster, Forstverwaltung Rappottenstein<br \/>\n(E)\u00a0<a href=\"mailto:hinterndorfer@atf.at\">hinterndorfer@atf.at<\/a><br \/>\n(M) 0660 5439367<\/p>\n<p><strong>Erich Stern<br \/>\n<\/strong>Rechnungswesen<br \/>\n(E)\u00a0<a href=\"mailto:office@atf.at\">office@atf.at<\/a><br \/>\n(T) 02828\/8250-25 oder (M) 0664 884 338 66<\/p>\n<p><strong>Kornelia F\u00fchrer<\/strong><br \/>\nSekretariat Rappottenstein<br \/>\n(E)\u00a0<a href=\"mailto:burg@atf.at\">burg@atf.at<\/a><br \/>\n(T) 02828\/8250-29<\/p>\n","protected":false},"excerpt":{"rendered":"<p>Traun&#8217;sche Forstverwaltung Rappottenstein A-3911 Burg Rappottenstein 85 Tel.: +43 (0) 2828\/8250 E-Mail:\u00a0office@atf.at www.atf.at Ansprechpartner: Benedikt Abensperg und Traun, Mag. iur. Eigent\u00fcmer, Gesch\u00e4ftsf\u00fchrer Wolkersdorf und Rappottenstein (E)\u00a0office@atf.at (T) 02289\/2383-13 Herbert Kolm Oberf\u00f6rster, Forstverwaltung Rappottenstein (E)\u00a0kolm@atf.at (M) 0664 135 28 94 David Hinterndorfer F\u00f6rster, Forstverwaltung Rappottenstein (E)\u00a0hinterndorfer@atf.at (M) 0660 5439367 Erich Stern Rechnungswesen (E)\u00a0office@atf.at (T) 02828\/8250-25 oder&hellip;<\/p>\n","protected":false},"author":1,"featured_media":0,"parent":16,"menu_order":50,"comment_status":"closed","ping_status":"closed","template":"","meta":{"footnotes":""},"class_list":["post-24","page","type-page","status-publish","hentry"],"_links":{"self":[{"href":"https:\/\/www.atf.at\/atf\/wp-json\/wp\/v2\/pages\/24","targetHints":{"allow":["GET"]}}],"collection":[{"href":"https:\/\/www.atf.at\/atf\/wp-json\/wp\/v2\/pages"}],"about":[{"href":"https:\/\/www.atf.at\/atf\/wp-json\/wp\/v2\/types\/page"}],"author":[{"embeddable":true,"href":"https:\/\/www.atf.at\/atf\/wp-json\/wp\/v2\/users\/1"}],"replies":[{"embeddable":true,"href":"https:\/\/www.atf.at\/atf\/wp-json\/wp\/v2\/comments?post=24"}],"version-history":[{"count":13,"href":"https:\/\/www.atf.at\/atf\/wp-json\/wp\/v2\/pages\/24\/revisions"}],"predecessor-version":[{"id":485,"href":"https:\/\/www.atf.at\/atf\/wp-json\/wp\/v2\/pages\/24\/revisions\/485"}],"up":[{"embeddable":true,"href":"https:\/\/www.atf.at\/atf\/wp-json\/wp\/v2\/pages\/16"}],"wp:attachment":[{"href":"https:\/\/www.atf.at\/atf\/wp-json\/wp\/v2\/media?parent=24"}],"curies":[{"name":"wp","href":"https:\/\/api.w.org\/{rel}","templated":true}]}}