{"id":34,"date":"2016-06-07T11:14:34","date_gmt":"2016-06-07T09:14:34","guid":{"rendered":"http:\/\/www.atf.at\/atf\/?page_id=34"},"modified":"2016-10-05T15:28:17","modified_gmt":"2016-10-05T13:28:17","slug":"anfahrtsplaene","status":"publish","type":"page","link":"https:\/\/www.atf.at\/atf\/forstbetrieb-wolkersdorf\/anfahrtsplaene\/","title":{"rendered":"Anfahrtspl\u00e4ne"},"content":{"rendered":"<p><span class=\"TXTBody\"> <strong>Traun&#8217;sche Forstverwaltung Wolkersdorf<\/strong><br \/>\nA-2120 Wolkersdorf, Rudolfgasse 1<br \/>\n(T) +43 (0) 2245\/2206-0<br \/>\n(E) <a href=\"mailto:wolkersdorf@atf.at\">wolkersdorf@atf.at<\/a><br \/>\n(I) <a href=\"http:\/\/www.atf.at\">www.atf.at<\/a><\/span><\/p>\n<p style=\"text-align: left;\"><strong>Anfahrt nach Wolkersorf:<\/strong><br \/>\n<em>Wien \u00fcber A 22, Ausfahrt Floridsdorfer Br\u00fccke &gt; Br\u00fcnnerstra\u00dfe B7, Richtung Wolkersdorf ca. 25 km,<\/em><br \/>\n<em> oder \u00fcber S1, Wiener Aussenring Schnellstra\u00dfe, Anschlu\u00df auf A5, Nordautobahn.<\/em><\/p>\n<p style=\"text-align: left;\"><style type=\"text\/css\" id=\"gmpMapStyles_2_52076\">\r\n\t#google_map_easy_2_52076 {\r\n        width: 80%;\r\n        height: 300px;\r\n\t\t\t\t\t\t    }\r\n\t#gmapControlsNum_2_52076 {\r\n\t\twidth:100%\t}\r\n\t.gmpMapDetailsContainer#gmpMapDetailsContainer_2_52076 {\r\n\t\theight:300px;\r\n\t}\r\n\t.gmp_MapPreview#google_map_easy_2_52076 {\r\n\t\t\/*position:absolute;*\/\r\n\t\twidth: 100%;\r\n\t}\r\n\t#mapConElem_2_52076{\r\n\t\twidth: 80%\t}\r\n    .gm-style .gm-style-iw-c{\r\n        padding: 12px!important;\r\n    }\r\n\t    <\/style>\r\n <div class=\"gmp_map_opts\" id=\"mapConElem_2_52076\" data-id=\"2\" data-view-id=\"2_52076\" > <div class=\"gmpMapDetailsContainer\" id=\"gmpMapDetailsContainer_2_52076\"> <i class=\"gmpKMLLayersPreloader fa fa-spinner fa-spin\" aria-hidden=\"true\" style=\"display: none;\"><\/i> <div class=\"gmp_MapPreview \" id=\"google_map_easy_2_52076\"><\/div> <\/div> <div class=\"gmpMapMarkerFilters\" id=\"gmpMapMarkerFilters_2_52076\"> <\/div> <div class=\"gmpMapProControlsCon\" id=\"gmpMapProControlsCon_2_52076\"> <a title=\"Google Map Plugin\" style=\"display:none;\" href=\"https:\/\/supsystic.com\/plugins\/google-maps-plugin\/?utm_medium=love_link_hide\" target=\"_blank\">Google Map Plugin<\/a><div style=\"clear: both;\"><\/div> <\/div> <div class=\"gmpMapProDirectionsCon\" id=\"gmpMapProDirectionsCon_2_52076\" > <\/div> <div class=\"gmpMapProKmlFilterCon\" id=\"gmpMapProKmlFilterCon_2_52076\" > <\/div> <div class=\"gmpSocialSharingShell gmpSocialSharingShell_2_52076\"> <\/div> <div style=\"clear: both;\"><\/div> <\/div> <\/p>\n<p style=\"text-align: left;\"><strong>Traun&#8217;sche Forstverwaltung Gro\u00df Schweinbarth<\/strong><br \/>\nHauptstra\u00dfe 2<br \/>\nA-2221 Gro\u00df-Schweinbarth<br \/>\n<u><\/u><\/p>\n<p style=\"text-align: left;\"><strong>Anfahrt nach Gro\u00df Schweinbarth:<\/strong><br \/>\n<em> Wien&gt; Reichsb\u00fccke Richtung Deutsch Wagram&gt; Bockflie\u00df&gt; Auersthal&gt; Gro\u00df Schweinbarth, Schloss.<\/em><\/p>\n<div class=\"address\"><style type=\"text\/css\" id=\"gmpMapStyles_3_28026\">\r\n\t#google_map_easy_3_28026 {\r\n        width: 80%;\r\n        height: 300px;\r\n\t\t\t\t\t\t    }\r\n\t#gmapControlsNum_3_28026 {\r\n\t\twidth:100%\t}\r\n\t.gmpMapDetailsContainer#gmpMapDetailsContainer_3_28026 {\r\n\t\theight:300px;\r\n\t}\r\n\t.gmp_MapPreview#google_map_easy_3_28026 {\r\n\t\t\/*position:absolute;*\/\r\n\t\twidth: 100%;\r\n\t}\r\n\t#mapConElem_3_28026{\r\n\t\twidth: 80%\t}\r\n    .gm-style .gm-style-iw-c{\r\n        padding: 12px!important;\r\n    }\r\n\t    <\/style>\r\n <div class=\"gmp_map_opts\" id=\"mapConElem_3_28026\" data-id=\"3\" data-view-id=\"3_28026\" > <div class=\"gmpMapDetailsContainer\" id=\"gmpMapDetailsContainer_3_28026\"> <i class=\"gmpKMLLayersPreloader fa fa-spinner fa-spin\" aria-hidden=\"true\" style=\"display: none;\"><\/i> <div class=\"gmp_MapPreview \" id=\"google_map_easy_3_28026\"><\/div> <\/div> <div class=\"gmpMapMarkerFilters\" id=\"gmpMapMarkerFilters_3_28026\"> <\/div> <div class=\"gmpMapProControlsCon\" id=\"gmpMapProControlsCon_3_28026\"> <a title=\"Google Map Plugin\" style=\"display:none;\" href=\"https:\/\/supsystic.com\/plugins\/google-maps-plugin\/?utm_medium=love_link_hide\" target=\"_blank\">Google Map Plugin<\/a><div style=\"clear: both;\"><\/div> <\/div> <div class=\"gmpMapProDirectionsCon\" id=\"gmpMapProDirectionsCon_3_28026\" > <\/div> <div class=\"gmpMapProKmlFilterCon\" id=\"gmpMapProKmlFilterCon_3_28026\" > <\/div> <div class=\"gmpSocialSharingShell gmpSocialSharingShell_3_28026\"> <\/div> <div style=\"clear: both;\"><\/div> <\/div> <\/div>\n<div class=\"address\"><\/div>\n<div class=\"address\"><span class=\"TXTBody\"><strong>Entfernung nach<\/strong>:<br \/>\n<em>&gt; Linz: 218 km<\/em><br \/>\n<em> &gt; <\/em><\/span><em><span class=\"TXTBody\">Wien: 28 km<br \/>\n<\/span><span class=\"TXTBody\"> &gt; Bratislava: 87 km<br \/>\n&gt; <\/span><span class=\"TXTBody\">Salzburg: 343 km<br \/>\n&gt; <\/span><span class=\"TXTBody\">M\u00fcnchen: 477 km<br \/>\n&gt; <\/span><span class=\"TXTBody\">Graz: 225 km<br \/>\n&gt; <\/span><span class=\"TXTBody\">Prag: 300 km<\/span><\/em><\/div>\n<p>&nbsp;<\/p>\n","protected":false},"excerpt":{"rendered":"<p>Traun&#8217;sche Forstverwaltung Wolkersdorf A-2120 Wolkersdorf, Rudolfgasse 1 (T) +43 (0) 2245\/2206-0 (E) wolkersdorf@atf.at (I) www.atf.at Anfahrt nach Wolkersorf: Wien \u00fcber A 22, Ausfahrt Floridsdorfer Br\u00fccke &gt; Br\u00fcnnerstra\u00dfe B7, Richtung Wolkersdorf ca. 25 km, oder \u00fcber S1, Wiener Aussenring Schnellstra\u00dfe, Anschlu\u00df auf A5, Nordautobahn. Traun&#8217;sche Forstverwaltung Gro\u00df Schweinbarth Hauptstra\u00dfe 2 A-2221 Gro\u00df-Schweinbarth Anfahrt nach Gro\u00df Schweinbarth:&hellip;<\/p>\n","protected":false},"author":1,"featured_media":0,"parent":18,"menu_order":60,"comment_status":"closed","ping_status":"closed","template":"","meta":{"footnotes":""},"class_list":["post-34","page","type-page","status-publish","hentry"],"_links":{"self":[{"href":"https:\/\/www.atf.at\/atf\/wp-json\/wp\/v2\/pages\/34","targetHints":{"allow":["GET"]}}],"collection":[{"href":"https:\/\/www.atf.at\/atf\/wp-json\/wp\/v2\/pages"}],"about":[{"href":"https:\/\/www.atf.at\/atf\/wp-json\/wp\/v2\/types\/page"}],"author":[{"embeddable":true,"href":"https:\/\/www.atf.at\/atf\/wp-json\/wp\/v2\/users\/1"}],"replies":[{"embeddable":true,"href":"https:\/\/www.atf.at\/atf\/wp-json\/wp\/v2\/comments?post=34"}],"version-history":[{"count":21,"href":"https:\/\/www.atf.at\/atf\/wp-json\/wp\/v2\/pages\/34\/revisions"}],"predecessor-version":[{"id":209,"href":"https:\/\/www.atf.at\/atf\/wp-json\/wp\/v2\/pages\/34\/revisions\/209"}],"up":[{"embeddable":true,"href":"https:\/\/www.atf.at\/atf\/wp-json\/wp\/v2\/pages\/18"}],"wp:attachment":[{"href":"https:\/\/www.atf.at\/atf\/wp-json\/wp\/v2\/media?parent=34"}],"curies":[{"name":"wp","href":"https:\/\/api.w.org\/{rel}","templated":true}]}}