{"id":148,"date":"2016-06-21T14:21:11","date_gmt":"2016-06-21T12:21:11","guid":{"rendered":"http:\/\/www.atf.at\/klangburg\/?page_id=148"},"modified":"2025-06-03T23:01:13","modified_gmt":"2025-06-03T21:01:13","slug":"kartenverkauf","status":"publish","type":"page","link":"https:\/\/www.atf.at\/klangburg\/veranstaltungen\/kartenverkauf\/","title":{"rendered":"Info und Buchung"},"content":{"rendered":"\n<h3 class=\"wp-block-heading\"><strong>Kartenverkauf<\/strong><\/h3>\n\n\n\n<p class=\"hervorhebung01\">Online-Buchungen \u00fcber <a href=\"https:\/\/www.eventim-light.com\/at\/a\/676191e2967243041fa57a50\/\" target=\"_blank\" rel=\"noreferrer noopener\"><strong>oeticket-light<\/strong><\/a> m\u00f6glich!<br><\/p>\n\n\n\n<ul class=\"wp-block-list\">\n<li>Buchung per E-Mail: <a href=\"mailto:klangburg.rappottenstein@gmail.com\">klangburg.rappottenstein@gmail.com<\/a><\/li>\n\n\n\n<li>Abendkassa ist 1 Stunde vor Veranstaltungsbeginn besetzt.<br><\/li>\n\n\n\n<li>Weitere Ausk\u00fcnfte: <a href=\"tel:+436644978528\">0664\/497 85 28<\/a><br>(Bitte<strong> keine Kartenreservierungen<\/strong> \u00fcber diese Tel-Nr, <br>wir bevorzugen die Buchung \u00fcber \u00d6-Ticket.)<br><\/li>\n<\/ul>\n\n\n\n<h3 class=\"wp-block-heading\">Erm\u00e4\u00dfigungen<\/h3>\n\n\n<div class=\"wp-block-image\">\n<figure class=\"alignleft\"><a href=\"https:\/\/noe.arbeiterkammer.at\/service\/servicekarte\/kulturpartner\/Kulturpartner_in_den_Regionen.html\" target=\"_blank\" rel=\"noopener\"><img loading=\"lazy\" decoding=\"async\" width=\"300\" height=\"112\" src=\"http:\/\/www.atf.at\/klangburg\/wp-content\/uploads\/sites\/4\/2016\/06\/AK_Logo_RZ2015_CMYK_300ppi-300x112.jpg\" alt=\"AK_Logo_RZ2015_CMYK_300ppi\" class=\"wp-image-527\"\/><\/a><\/figure><\/div>\n\n\n<p><strong>AK-Nieder\u00f6sterreich<\/strong> sowie <strong>\u00d6GB Mitglieder<\/strong> sichern sich&nbsp;bei&nbsp;<strong>Vorlage ihrer AK-Service-Karte<\/strong>&nbsp;\u20ac 3,00 Erm\u00e4\u00dfigung auf eine Eintrittskarte.<br><strong>VFB- Vereinsmitglieder<\/strong>&nbsp;(mit Karte) und&nbsp;<strong>Kinder&nbsp;<\/strong>erhalten ebenfalls \u20ac 3,00 Rabatt f\u00fcr eine Eintrittskarte.<\/p>\n\n\n\n<h3 class=\"wp-block-heading\">Veranstaltungsort<\/h3>\n\n\n\n<p><strong>Alle Veranstaltungen finden im Freien &#8211; im Wirtschaftshof der Burg &#8211; statt.<br><\/strong>Wir k\u00f6nnen nur eine begrenzte Anzahl an Sitzpl\u00e4tzen anbieten.<\/p>\n\n\n\n<p><strong>Bitte entsprechende Kleidung, Schuhe und eventuell Regenschutz mitnehmen.&nbsp;<\/strong><\/p>\n\n\n\n<p>Freie Platzwahl. Bitte beachten Sie die Beginn Zeiten.<br>Programm\u00e4nderungen vorbehalten!<\/p>\n\n\n\n<h3 class=\"wp-block-heading TXTBody\"><strong>Abendkassa<\/strong><\/h3>\n\n\n\n<p class=\"TXTBody\"><span class=\"TXTBody\">Beim Besuch der Veranstaltungen gilt freie Platzwahl. Sie k\u00f6nnen bereits eine Stunde vor Beginn anreisen und Ihre Karten abholen bzw. kaufen.<\/span><\/p>\n\n\n\n<h3 class=\"wp-block-heading TXTBody\">Kartenr\u00fccknahmen<\/h3>\n\n\n\n<p><strong>Kartenr\u00fccknahmen<\/strong> sind grunds\u00e4tzlich ausgeschlossen. Bereits \u00fcberwiesener Betrag wird <strong>NUR<\/strong> bei Absage durch den Veranstalter r\u00fcckerstattet. Programm-, Termin- und Besetzungs\u00e4nderungen bleiben vorbehalten.<\/p>\n\n\n\n<p><\/p>\n\n\n\n<p><\/p>\n","protected":false},"excerpt":{"rendered":"<p>Kartenverkauf Online-Buchungen \u00fcber oeticket-light m\u00f6glich! Erm\u00e4\u00dfigungen AK-Nieder\u00f6sterreich sowie \u00d6GB Mitglieder sichern sich&nbsp;bei&nbsp;Vorlage ihrer AK-Service-Karte&nbsp;\u20ac 3,00 Erm\u00e4\u00dfigung auf eine Eintrittskarte.VFB- Vereinsmitglieder&nbsp;(mit Karte) und&nbsp;Kinder&nbsp;erhalten ebenfalls \u20ac 3,00 Rabatt f\u00fcr eine Eintrittskarte. Veranstaltungsort Alle Veranstaltungen finden im Freien &#8211; im Wirtschaftshof der Burg &#8211; statt.Wir k\u00f6nnen nur eine begrenzte Anzahl an Sitzpl\u00e4tzen anbieten. Bitte entsprechende Kleidung, Schuhe und&hellip;<\/p>\n","protected":false},"author":1,"featured_media":0,"parent":3,"menu_order":1,"comment_status":"closed","ping_status":"closed","template":"","meta":{"footnotes":""},"class_list":["post-148","page","type-page","status-publish","hentry"],"_links":{"self":[{"href":"https:\/\/www.atf.at\/klangburg\/wp-json\/wp\/v2\/pages\/148","targetHints":{"allow":["GET"]}}],"collection":[{"href":"https:\/\/www.atf.at\/klangburg\/wp-json\/wp\/v2\/pages"}],"about":[{"href":"https:\/\/www.atf.at\/klangburg\/wp-json\/wp\/v2\/types\/page"}],"author":[{"embeddable":true,"href":"https:\/\/www.atf.at\/klangburg\/wp-json\/wp\/v2\/users\/1"}],"replies":[{"embeddable":true,"href":"https:\/\/www.atf.at\/klangburg\/wp-json\/wp\/v2\/comments?post=148"}],"version-history":[{"count":77,"href":"https:\/\/www.atf.at\/klangburg\/wp-json\/wp\/v2\/pages\/148\/revisions"}],"predecessor-version":[{"id":1530,"href":"https:\/\/www.atf.at\/klangburg\/wp-json\/wp\/v2\/pages\/148\/revisions\/1530"}],"up":[{"embeddable":true,"href":"https:\/\/www.atf.at\/klangburg\/wp-json\/wp\/v2\/pages\/3"}],"wp:attachment":[{"href":"https:\/\/www.atf.at\/klangburg\/wp-json\/wp\/v2\/media?parent=148"}],"curies":[{"name":"wp","href":"https:\/\/api.w.org\/{rel}","templated":true}]}}