{"id":173,"date":"2016-07-06T14:00:54","date_gmt":"2016-07-06T12:00:54","guid":{"rendered":"http:\/\/www.atf.at\/klangburg\/?page_id=173"},"modified":"2024-12-17T21:41:18","modified_gmt":"2024-12-17T20:41:18","slug":"verein-der-freunde-der-burg-rappottenstein","status":"publish","type":"page","link":"https:\/\/www.atf.at\/klangburg\/verein-der-freunde-der-burg-rappottenstein\/","title":{"rendered":"Verein VFB"},"content":{"rendered":"<h2>Infos \u00fcber den Verein der Freunde der Burg Rappottenstein<\/h2>\n<p class=\"TXTBody\">Dr. Johannes Abensperg und Traun gr\u00fcndete im Jahre 1996 den Verein der Freunde der Burg Rappottenstein. Er fungierte auch eine Zeit lang als Obmann. 1998 \u00fcbernahm Dr. Helfried Puschmann die Obmannschaft, im Jahre 2005 folgte Herr Franz H\u00e4usler nach. 2022 wurde Herr Roland St\u00f6ger zum Obmann des Vereins gew\u00e4hlt. Gemeinsam mit dem Eigent\u00fcmer der Burg \u2013 Herrn Benedikt Abensperg und Traun \u2013 werden die Aktivit\u00e4ten des VFB weitergef\u00fchrt und alle Beteiligten bem\u00fchen sich sehr, f\u00fcr jede Saison ein interessantes Programm zusammenzustellen.<\/p>\n<p class=\"TXTBody\">Der Zweck dieses Vereins liegt darin, einen Beitrag zur F\u00f6rderung der Marktgemeinde Rappottenstein sowie der umliegenden Region und zur Erhaltung der Burg zu leisten. Um diese Ziele zu erreichen, werden in der Burg Rappottenstein k\u00fcnstlerische Veranstaltungen auf dem Gebiet der Musik und Workshops durchgef\u00fchrt. Hierbei wird versucht, ein hohes k\u00fcnstlerisches Niveau zu erzielen und die wunderbare Burg in das Erlebnis mit einzubeziehen.<\/p>\n<p class=\"TXTBody\">Zur Durchf\u00fchrung dieses Programms ist der VFB auf ideelle und materielle Unterst\u00fctzung angewiesen. Diese kann durch Besuch der Veranstaltungen und Leistung eines Mitgliedsbeitrags in der H\u00f6he von 21,80 Euro j\u00e4hrlich (jeder dar\u00fcberhinausgehende Betrag ist willkommen und gilt als Spende) erfolgen. \u201eF\u00f6rdernde Mitglieder\u201c unterst\u00fctzen den VFB mit 110,00 Euro j\u00e4hrlich. Jedes Vereinsmitglied bekommt seine <strong>pers\u00f6nliche Mitgliedskarte<\/strong>.<\/p>\n<p class=\"TXTBody\"><strong>Vorteile f\u00fcr Vereinsmitglieder:<\/strong><br \/>\nBei <strong>Vorweisen Ihrer Mitgliedskarte<\/strong> sichern Sie sich <strong>\u20ac 3,00 Rabatt<\/strong> f\u00fcr eine Eintrittskarte.<br \/>\nAu\u00dferdem erhalten Sie das Jahresprogramm und alle Aussendungen des VFB per Post zugestellt.<br \/>\nWir hoffen auf Ihre Unterst\u00fctzung der Kultur im l\u00e4ndlichen Raum und w\u00fcnschen gute Unterhaltung beim Besuch unserer Veranstaltungen.<\/p>\n<p class=\"TXTBody\">VFB, Verein der Freunde der Burg Rappottenstein<br \/>\n<a href=\"mailto:klangburg.rappottenstein@gmail.com\">klangburg.rappottenstein@gmail.com<\/a><\/p>\n<p class=\"TXTBody\"><a href=\"http:\/\/www.atf.at\/klangburg\/veranstaltungen\/\"><strong>&lt;&lt; zur\u00fcck zu Veranstaltungen<\/strong><\/a><\/p>\n","protected":false},"excerpt":{"rendered":"<p>Infos \u00fcber den Verein der Freunde der Burg Rappottenstein Dr. Johannes Abensperg und Traun gr\u00fcndete im Jahre 1996 den Verein der Freunde der Burg Rappottenstein. Er fungierte auch eine Zeit lang als Obmann. 1998 \u00fcbernahm Dr. Helfried Puschmann die Obmannschaft, im Jahre 2005 folgte Herr Franz H\u00e4usler nach. 2022 wurde Herr Roland St\u00f6ger zum Obmann&hellip;<\/p>\n","protected":false},"author":1,"featured_media":0,"parent":0,"menu_order":3,"comment_status":"closed","ping_status":"closed","template":"","meta":{"footnotes":""},"class_list":["post-173","page","type-page","status-publish","hentry"],"_links":{"self":[{"href":"https:\/\/www.atf.at\/klangburg\/wp-json\/wp\/v2\/pages\/173","targetHints":{"allow":["GET"]}}],"collection":[{"href":"https:\/\/www.atf.at\/klangburg\/wp-json\/wp\/v2\/pages"}],"about":[{"href":"https:\/\/www.atf.at\/klangburg\/wp-json\/wp\/v2\/types\/page"}],"author":[{"embeddable":true,"href":"https:\/\/www.atf.at\/klangburg\/wp-json\/wp\/v2\/users\/1"}],"replies":[{"embeddable":true,"href":"https:\/\/www.atf.at\/klangburg\/wp-json\/wp\/v2\/comments?post=173"}],"version-history":[{"count":18,"href":"https:\/\/www.atf.at\/klangburg\/wp-json\/wp\/v2\/pages\/173\/revisions"}],"predecessor-version":[{"id":1479,"href":"https:\/\/www.atf.at\/klangburg\/wp-json\/wp\/v2\/pages\/173\/revisions\/1479"}],"wp:attachment":[{"href":"https:\/\/www.atf.at\/klangburg\/wp-json\/wp\/v2\/media?parent=173"}],"curies":[{"name":"wp","href":"https:\/\/api.w.org\/{rel}","templated":true}]}}