{"id":70,"date":"2016-06-20T16:16:50","date_gmt":"2016-06-20T14:16:50","guid":{"rendered":"http:\/\/www.atf.at\/klangburg\/?page_id=70"},"modified":"2025-12-01T21:59:27","modified_gmt":"2025-12-01T20:59:27","slug":"sponsoren","status":"publish","type":"page","link":"https:\/\/www.atf.at\/klangburg\/veranstaltungen\/sponsoren\/","title":{"rendered":"Sponsoren"},"content":{"rendered":"<p><strong>Unser besonderer Dank<\/strong> gilt der<strong> Marktgemeinde Rappottenstein<\/strong> sowie dem <strong>Land Nieder\u00f6sterreich<\/strong> und dem <strong>Bundesministerium<\/strong>, ohne deren Hilfe unsere Veranstaltungen nicht realisierbar w\u00e4ren. Die <strong>Sponsoren<\/strong> mit ihren jeweiligen Firmenpr\u00e4sentationen und die <strong>Vereinsmitglieder<\/strong> leisten genauso wertvolle Beitr\u00e4ge zur Verwirklichung unseres Programms.<\/p>\n<h3>Sponsoren 2025<\/h3>\n<p class=\"alignnone\"><a href=\"https:\/\/noe.arbeiterkammer.at\/service\/servicekarte\/kulturpartner\/Kulturpartner_in_den_Regionen.html\" target=\"_blank\" rel=\"noopener\"><img loading=\"lazy\" decoding=\"async\" class=\"alignleft wp-image-527\" src=\"http:\/\/www.atf.at\/klangburg\/wp-content\/uploads\/sites\/4\/2016\/06\/AK_Logo_RZ2015_CMYK_300ppi-300x112.jpg\" alt=\"AK_Logo_RZ2015_CMYK_300ppi\" width=\"150\" height=\"56\" \/><\/a>AK-Nieder\u00f6sterreich sowie \u00d6GB Mitglieder sichern sich\u00a0bei\u00a0<strong>Vorlage ihrer AK-Service-Karte<\/strong>\u00a0\u20ac 3,00 Erm\u00e4\u00dfigung auf eine Eintrittskarte.<br \/>\n<strong>VFB- Vereinsmitglieder<\/strong>\u00a0(mit Karte) und\u00a0<strong>Kinder\u00a0<\/strong>erhalten ebenfalls \u20ac 3,00 Rabatt f\u00fcr eine Eintrittskarte.<\/p>\n<p><a href=\"http:\/\/www.burgschenke.net\" target=\"_blank\" rel=\"noopener\"><strong>BURGSCHENKE Rappottenstein<\/strong><\/a><\/p>\n<p><strong><a href=\"https:\/\/noe.arbeiterkammer.at\/index.html\" target=\"_blank\" rel=\"noopener\">AK-Nieder\u00f6sterreich<\/a><\/strong><\/p>\n<p><a href=\"http:\/\/www.jungwirth.co.at\/\" target=\"_blank\" rel=\"noopener\"><strong>Jungwirth &#8211; Beton. unser Element. Rappottenstein<\/strong><\/a><\/p>\n<p><a href=\"http:\/\/www.zankldach.eu\/\" target=\"_blank\" rel=\"noopener\"><strong>Zankl &#8211; Spengler &amp; Dachdecker, Engelbrechts &amp; Gro\u00df Gerungs<\/strong><\/a><\/p>\n<p><a href=\"http:\/\/www.stagesound.at\" target=\"_blank\" rel=\"noopener\"><strong>Stagesound Veranstaltungstechnik<\/strong><\/a><\/p>\n<p><a href=\"http:\/\/www.lagerhaus-zwettl.at\/\" target=\"_blank\" rel=\"noopener\"><strong>Lagerhaus Zwettl<\/strong><\/a><\/p>\n<p><a href=\"http:\/\/www.kastner.at\" target=\"_blank\" rel=\"noopener\"><strong>Kastner Gruppe, Zwettl<\/strong><\/a><\/p>\n<p><a style=\"font-size: revert;\" href=\"https:\/\/www.herz-kreislauf.at\/\" target=\"_blank\" rel=\"noopener\"><strong>Herzkreislaufzentrum Gro\u00df Gerungs<\/strong><\/a><\/p>\n<p><strong><a href=\"http:\/\/www.holz-hahn.at\" target=\"_blank\" rel=\"noopener\">Holz-Hahn, Gr\u00fcnbach<\/a><\/strong><\/p>\n<p><a href=\"http:\/\/www.waldviertler-hof.at\/page.asp\/-\/2.htm\" target=\"_blank\" rel=\"noopener\"><strong>Waldviertlerhof Langschlag<\/strong><\/a><\/p>\n<p><a href=\"http:\/\/www.klosterberg.at\/\" target=\"_blank\" rel=\"noopener\"><strong>Gesundheitshotel Klosterberg, Langschlag<\/strong><\/a><\/p>\n<p><a href=\"http:\/\/www.rappottenstein.gv.at\/Faltin_Manfred_Baeckerei_4\" target=\"_blank\" rel=\"noopener\"><strong>B\u00e4ckerei Faltin, Marbach &amp; Rappottenstein<\/strong><\/a><\/p>\n<p><a href=\"https:\/\/www.raiffeisen.at\/noew\/region-waldviertel-mitte\/de\/meine-bank\/bankstellen\/rappottenstein.html\" target=\"_blank\" rel=\"noopener\"><strong>Raiffeisenbank Waldviertel Mitte, Rappottenstein<\/strong><\/a><\/p>\n<p><strong><a href=\"https:\/\/www.vivea-hotels.com\/hotels\/bad-traunstein\/\" target=\"_blank\" rel=\"noopener\">Vivea Hotel Bad Traunstein<\/a><\/strong><\/p>\n<p><a href=\"https:\/\/www.swietelsky.at\/standort\/swietelsky-ag-filiale-no-nord-tiefbau-standort-zwettl\/\" target=\"_blank\" rel=\"noopener\"><strong>Swietelsky Baugesellschaft, Zwettl<\/strong><\/a><\/p>\n<p><a href=\"http:\/\/www.schwarzalm.at\/\" target=\"_blank\" rel=\"noopener\"><strong>Hotel Schwarz Alm, Zwettl<\/strong><\/a><\/p>\n<p><a href=\"http:\/\/www.zwettler.at\" target=\"_blank\" rel=\"noopener\"><strong>Privatbrauerei Zwettl\u00a0<\/strong><\/a><\/p>\n<p><a href=\"http:\/\/www.bitubau.com\" target=\"_blank\" rel=\"noopener\"><strong>Bitubau Stra\u00dfensanierung<\/strong><\/a><\/p>\n<p><a href=\"http:\/\/www.gasthof-rotheneder.at\/\" target=\"_blank\" rel=\"noopener\"><strong>Gasthof Rotheneder, Rappottenstein<\/strong><\/a><\/p>\n<p><a href=\"http:\/\/www.ferienhof-stanzl.at\/\" target=\"_blank\" rel=\"noopener\"><strong>Ferienhof Stanzl, Gr\u00fcnbach<\/strong><\/a><\/p>\n<p><a href=\"http:\/\/www.toyota-bauer.at\" target=\"_blank\" rel=\"noopener\"><strong>Autohaus Toyota Bauer<\/strong><\/a><\/p>\n<p><a href=\"http:\/\/www.traumausstatter.at\/\" target=\"_blank\" rel=\"noopener\"><strong>Traumausstatter Bucher, Gro\u00df Gerungs<\/strong><\/a><\/p>\n<p><a href=\"http:\/\/www.grafkurt.at\/\" target=\"_blank\" rel=\"noopener\"><strong>Motorland Graf Kurt, Langschlag<\/strong><\/a><\/p>\n<p><a href=\"http:\/\/www.sillipp.at\" target=\"_blank\" rel=\"noopener\"><strong>Sillipp &#8211; Dachdecker und Spengler, Moidrams<\/strong><\/a><\/p>\n<p><a href=\"http:\/\/www.malaschofsky.at\" target=\"_blank\" rel=\"noopener\"><strong>Malaschofsky Bauunternehmen<\/strong><\/a><\/p>\n<p><a href=\"http:\/\/www.uniqa.at\" target=\"_blank\" rel=\"noopener\"><strong>UNIQA &#8211; Team Sch\u00f6llbauer, Rappottenstein<\/strong><\/a><\/p>\n<p><a href=\"http:\/\/www.preiser.co.at\/\" target=\"_blank\" rel=\"noopener\"><strong>Autotechnik &amp; Landtechnik Preiser, Gr\u00fcnbach<\/strong><\/a><\/p>\n<p><a href=\"http:\/\/www.rappottenstein.gv.at\/system\/web\/gelbeseite.aspx?menuonr=219124912&amp;typ=1&amp;detailonr=218579034\" target=\"_blank\" rel=\"noopener\"><strong>Fr\u00f6schl &#8211; Qualit\u00e4ts- Fleischer, Rappottenstein<\/strong><\/a><\/p>\n<p><a href=\"https:\/\/www.sparkasse.at\/filialsuche\/standorte\/filiale\/3911-rappottenstein\/nr-8\/at01280022\" target=\"_blank\" rel=\"noopener\"><strong>Sparkasse Waldviertel Mitte, Rappottenstein<\/strong><\/a><\/p>\n<p><strong><a href=\"https:\/\/www.landtechnik-fichtinger.at\/\" target=\"_blank\" rel=\"noopener\">Landtechnik Fichtinger, Arbesbach<\/a><\/strong><\/p>\n<p><a href=\"http:\/\/www.atf.at\/klangburg\/veranstaltungen\/\"><strong>&lt;&lt; zur\u00fcck zu Veranstaltungen<\/strong><\/a><\/p>\n","protected":false},"excerpt":{"rendered":"<p>Unser besonderer Dank gilt der Marktgemeinde Rappottenstein sowie dem Land Nieder\u00f6sterreich und dem Bundesministerium, ohne deren Hilfe unsere Veranstaltungen nicht realisierbar w\u00e4ren. Die Sponsoren mit ihren jeweiligen Firmenpr\u00e4sentationen und die Vereinsmitglieder leisten genauso wertvolle Beitr\u00e4ge zur Verwirklichung unseres Programms. Sponsoren 2025 AK-Nieder\u00f6sterreich sowie \u00d6GB Mitglieder sichern sich\u00a0bei\u00a0Vorlage ihrer AK-Service-Karte\u00a0\u20ac 3,00 Erm\u00e4\u00dfigung auf eine Eintrittskarte. VFB-&hellip;<\/p>\n","protected":false},"author":1,"featured_media":0,"parent":3,"menu_order":4,"comment_status":"closed","ping_status":"closed","template":"","meta":{"footnotes":""},"class_list":["post-70","page","type-page","status-publish","hentry"],"_links":{"self":[{"href":"https:\/\/www.atf.at\/klangburg\/wp-json\/wp\/v2\/pages\/70","targetHints":{"allow":["GET"]}}],"collection":[{"href":"https:\/\/www.atf.at\/klangburg\/wp-json\/wp\/v2\/pages"}],"about":[{"href":"https:\/\/www.atf.at\/klangburg\/wp-json\/wp\/v2\/types\/page"}],"author":[{"embeddable":true,"href":"https:\/\/www.atf.at\/klangburg\/wp-json\/wp\/v2\/users\/1"}],"replies":[{"embeddable":true,"href":"https:\/\/www.atf.at\/klangburg\/wp-json\/wp\/v2\/comments?post=70"}],"version-history":[{"count":95,"href":"https:\/\/www.atf.at\/klangburg\/wp-json\/wp\/v2\/pages\/70\/revisions"}],"predecessor-version":[{"id":1544,"href":"https:\/\/www.atf.at\/klangburg\/wp-json\/wp\/v2\/pages\/70\/revisions\/1544"}],"up":[{"embeddable":true,"href":"https:\/\/www.atf.at\/klangburg\/wp-json\/wp\/v2\/pages\/3"}],"wp:attachment":[{"href":"https:\/\/www.atf.at\/klangburg\/wp-json\/wp\/v2\/media?parent=70"}],"curies":[{"name":"wp","href":"https:\/\/api.w.org\/{rel}","templated":true}]}}